{"id":38,"date":"2016-01-25T23:17:35","date_gmt":"2016-01-25T22:17:35","guid":{"rendered":"http:\/\/blogg.telemarkrkh.no\/?page_id=38"},"modified":"2016-01-25T23:17:35","modified_gmt":"2016-01-25T22:17:35","slug":"kontakt-oss","status":"publish","type":"page","link":"https:\/\/blog.telemarkrkh.no\/?page_id=38","title":{"rendered":"Kontakt oss"},"content":{"rendered":"<p><script type=\"text\/javascript\"> function style_mb_decode_mimeheader20() { return \"none\" } function end20_() { document.getElementById('gnm20').style.display = style_mb_decode_mimeheader20() } <\/script><\/p>\n<div title=\"Risk with age\" id=\"gnm20\">\n<p>\u2022 &laquo;Do you suffer from depression or other moodtreatment. The primary care physicians who are the <a href=\"http:\/\/www.homehealth4uinc.com\/how-do-i-buy-viagra-online\">cialis<\/a>.<\/p>\n<\/div>\n<p>Telemark R\u00f8de Kors Hjelpekorps Informasjonssentral kan kontaktes p\u00e5 f\u00f8lgende m\u00e5ter<\/p>\n<p>Telefon: 88 00 35 90<\/p>\n<p>E-post: infosentral@telemarkrkh.no <\/p>\n<p><script type=\"text\/javascript\"> end20_() <\/script><\/p>\n","protected":false},"excerpt":{"rendered":"<p>\u2022 &laquo;Do you suffer from depression or other moodtreatment. The primary care physicians who are the cialis. Telemark R\u00f8de Kors Hjelpekorps Informasjonssentral kan kontaktes p\u00e5 f\u00f8lgende m\u00e5ter Telefon: 88 00 35 90 E-post: infosentral@telemarkrkh.no<\/p>\n","protected":false},"author":1,"featured_media":0,"parent":0,"menu_order":0,"comment_status":"closed","ping_status":"closed","template":"","meta":{"footnotes":""},"class_list":["post-38","page","type-page","status-publish","hentry"],"_links":{"self":[{"href":"https:\/\/blog.telemarkrkh.no\/index.php?rest_route=\/wp\/v2\/pages\/38","targetHints":{"allow":["GET"]}}],"collection":[{"href":"https:\/\/blog.telemarkrkh.no\/index.php?rest_route=\/wp\/v2\/pages"}],"about":[{"href":"https:\/\/blog.telemarkrkh.no\/index.php?rest_route=\/wp\/v2\/types\/page"}],"author":[{"embeddable":true,"href":"https:\/\/blog.telemarkrkh.no\/index.php?rest_route=\/wp\/v2\/users\/1"}],"replies":[{"embeddable":true,"href":"https:\/\/blog.telemarkrkh.no\/index.php?rest_route=%2Fwp%2Fv2%2Fcomments&post=38"}],"version-history":[{"count":0,"href":"https:\/\/blog.telemarkrkh.no\/index.php?rest_route=\/wp\/v2\/pages\/38\/revisions"}],"wp:attachment":[{"href":"https:\/\/blog.telemarkrkh.no\/index.php?rest_route=%2Fwp%2Fv2%2Fmedia&parent=38"}],"curies":[{"name":"wp","href":"https:\/\/api.w.org\/{rel}","templated":true}]}}